{"id":3704,"date":"2025-02-25T12:48:32","date_gmt":"2025-02-25T12:48:32","guid":{"rendered":"https:\/\/formaciondixital.gal\/?page_id=3704"},"modified":"2025-04-30T14:30:57","modified_gmt":"2025-04-30T14:30:57","slug":"gracias","status":"publish","type":"page","link":"https:\/\/formaciondixital.gal\/es\/gracias\/","title":{"rendered":"Gracias"},"content":{"rendered":"<p>[et_pb_section fb_built=\u00bb1&#8243; _builder_version=\u00bb4.27.0&#8243; _module_preset=\u00bbdefault\u00bb da_disable_devices=\u00bboff|off|off\u00bb global_colors_info=\u00bb{}\u00bb da_is_popup=\u00bboff\u00bb da_exit_intent=\u00bboff\u00bb da_has_close=\u00bbon\u00bb da_alt_close=\u00bboff\u00bb da_dark_close=\u00bboff\u00bb da_not_modal=\u00bbon\u00bb da_is_singular=\u00bboff\u00bb da_with_loader=\u00bboff\u00bb da_has_shadow=\u00bbon\u00bb][et_pb_row _builder_version=\u00bb4.27.0&#8243; _module_preset=\u00bbdefault\u00bb global_colors_info=\u00bb{}\u00bb][et_pb_column type=\u00bb4_4&#8243; _builder_version=\u00bb4.27.0&#8243; _module_preset=\u00bbdefault\u00bb global_colors_info=\u00bb{}\u00bb][et_pb_text _builder_version=\u00bb4.27.4&#8243; _module_preset=\u00bbdefault\u00bb text_font_size=\u00bb44px\u00bb text_orientation=\u00bbcenter\u00bb hover_enabled=\u00bb0&#8243; global_colors_info=\u00bb{}\u00bb text_line_height_last_edited=\u00bbon|tablet\u00bb text_line_height_phone=\u00bb1.8em\u00bb sticky_enabled=\u00bb0&#8243; text_line_height_tablet=\u00bb1.8em\u00bb text_font_size_last_edited=\u00bbon|phone\u00bb text_font_size_tablet=\u00bb44px\u00bb text_font_size_phone=\u00bb44px\u00bb]<\/p>\n<p>Recibimos correctamente o teu rexistro.<\/p>\n<p>En breve contactaremos contigo.<\/p>\n<p>&nbsp;<\/p>\n<p>[\/et_pb_text][et_pb_text _builder_version=\u00bb4.27.4&#8243; _module_preset=\u00bbdefault\u00bb text_font_size=\u00bb44px\u00bb text_orientation=\u00bbcenter\u00bb global_colors_info=\u00bb{}\u00bb text_font_size_last_edited=\u00bbon|phone\u00bb text_line_height_tablet=\u00bb1.8em\u00bb text_line_height_phone=\u00bb1.8em\u00bb text_line_height_last_edited=\u00bbon|tablet\u00bb text_font_size_tablet=\u00bb44px\u00bb text_font_size_phone=\u00bb44px\u00bb]Hemos recibido correctamente tu inscripci\u00f3n.<\/p>\n<p>Pronto nos pondremos en contacto contigo.[\/et_pb_text][\/et_pb_column][\/et_pb_row][et_pb_row _builder_version=\u00bb4.27.4&#8243; _module_preset=\u00bbdefault\u00bb global_colors_info=\u00bb{}\u00bb][et_pb_column type=\u00bb4_4&#8243; _builder_version=\u00bb4.27.4&#8243; _module_preset=\u00bbdefault\u00bb global_colors_info=\u00bb{}\u00bb][et_pb_image src=\u00bbhttps:\/\/formaciondixital.gal\/wp-content\/uploads\/2025\/02\/gracias.png\u00bb alt=\u00bbGracias\u00bb title_text=\u00bbgracias\u00bb _builder_version=\u00bb4.27.4&#8243; _module_preset=\u00bbdefault\u00bb width=\u00bb11%\u00bb module_alignment=\u00bbcenter\u00bb global_colors_info=\u00bb{}\u00bb][\/et_pb_image][\/et_pb_column][\/et_pb_row][\/et_pb_section]<\/p>\n","protected":false},"excerpt":{"rendered":"<p>Recibimos correctamente o teu rexistro. En breve contactaremos contigo. &nbsp;Hemos recibido correctamente tu inscripci\u00f3n. Pronto nos pondremos en contacto contigo.<\/p>\n","protected":false},"author":2,"featured_media":1153,"parent":0,"menu_order":0,"comment_status":"closed","ping_status":"closed","template":"page-template-blank.php","meta":{"_et_pb_use_builder":"on","_et_pb_old_content":"","_et_gb_content_width":"","_joinchat":[],"footnotes":""},"class_list":["post-3704","page","type-page","status-publish","has-post-thumbnail","hentry"],"yoast_head":"<!-- This site is optimized with the Yoast SEO plugin v27.5 - https:\/\/yoast.com\/product\/yoast-seo-wordpress\/ -->\n<title>Gracias - Formaci\u00f3nDixital<\/title>\n<meta name=\"description\" content=\"100% online, 100% gratuito. \u00a1Inscr\u00edbete ahora!\" \/>\n<meta name=\"robots\" content=\"index, follow, max-snippet:-1, max-image-preview:large, max-video-preview:-1\" \/>\n<link rel=\"canonical\" href=\"https:\/\/formaciondixital.gal\/es\/gracias\/\" \/>\n<meta property=\"og:locale\" content=\"es_ES\" \/>\n<meta property=\"og:type\" content=\"article\" \/>\n<meta property=\"og:title\" content=\"Gracias - Formaci\u00f3nDixital\" \/>\n<meta property=\"og:description\" content=\"100% online, 100% gratuito. \u00a1Inscr\u00edbete ahora!\" \/>\n<meta property=\"og:url\" content=\"https:\/\/formaciondixital.gal\/es\/gracias\/\" \/>\n<meta property=\"og:site_name\" content=\"Formaci\u00f3nDixital\" \/>\n<meta property=\"article:modified_time\" content=\"2025-04-30T14:30:57+00:00\" \/>\n<meta property=\"og:image\" content=\"https:\/\/formaciondixital.gal\/wp-content\/uploads\/2024\/09\/Ilustracion-n5.png\" \/>\n\t<meta property=\"og:image:width\" content=\"1880\" \/>\n\t<meta property=\"og:image:height\" content=\"1222\" \/>\n\t<meta property=\"og:image:type\" content=\"image\/png\" \/>\n<meta name=\"twitter:card\" content=\"summary_large_image\" \/>\n<meta name=\"twitter:label1\" content=\"Tiempo de lectura\" \/>\n\t<meta name=\"twitter:data1\" content=\"1 minuto\" \/>\n<script type=\"application\/ld+json\" class=\"yoast-schema-graph\">{\"@context\":\"https:\\\/\\\/schema.org\",\"@graph\":[{\"@type\":\"WebPage\",\"@id\":\"https:\\\/\\\/formaciondixital.gal\\\/es\\\/gracias\\\/\",\"url\":\"https:\\\/\\\/formaciondixital.gal\\\/es\\\/gracias\\\/\",\"name\":\"Gracias - Formaci\u00f3nDixital\",\"isPartOf\":{\"@id\":\"https:\\\/\\\/formaciondixital.gal\\\/es\\\/#website\"},\"primaryImageOfPage\":{\"@id\":\"https:\\\/\\\/formaciondixital.gal\\\/es\\\/gracias\\\/#primaryimage\"},\"image\":{\"@id\":\"https:\\\/\\\/formaciondixital.gal\\\/es\\\/gracias\\\/#primaryimage\"},\"thumbnailUrl\":\"https:\\\/\\\/formaciondixital.gal\\\/wp-content\\\/uploads\\\/2024\\\/09\\\/Ilustracion-n5.png\",\"datePublished\":\"2025-02-25T12:48:32+00:00\",\"dateModified\":\"2025-04-30T14:30:57+00:00\",\"description\":\"100% online, 100% gratuito. \u00a1Inscr\u00edbete ahora!\",\"breadcrumb\":{\"@id\":\"https:\\\/\\\/formaciondixital.gal\\\/es\\\/gracias\\\/#breadcrumb\"},\"inLanguage\":\"es\",\"potentialAction\":[{\"@type\":\"ReadAction\",\"target\":[\"https:\\\/\\\/formaciondixital.gal\\\/es\\\/gracias\\\/\"]}]},{\"@type\":\"ImageObject\",\"inLanguage\":\"es\",\"@id\":\"https:\\\/\\\/formaciondixital.gal\\\/es\\\/gracias\\\/#primaryimage\",\"url\":\"https:\\\/\\\/formaciondixital.gal\\\/wp-content\\\/uploads\\\/2024\\\/09\\\/Ilustracion-n5.png\",\"contentUrl\":\"https:\\\/\\\/formaciondixital.gal\\\/wp-content\\\/uploads\\\/2024\\\/09\\\/Ilustracion-n5.png\",\"width\":1880,\"height\":1222,\"caption\":\"Formaci\u00f3n Dixital. Ilustraci\u00f3n de ni\u00f1o\"},{\"@type\":\"BreadcrumbList\",\"@id\":\"https:\\\/\\\/formaciondixital.gal\\\/es\\\/gracias\\\/#breadcrumb\",\"itemListElement\":[{\"@type\":\"ListItem\",\"position\":1,\"name\":\"Portada\",\"item\":\"https:\\\/\\\/formaciondixital.gal\\\/es\\\/\"},{\"@type\":\"ListItem\",\"position\":2,\"name\":\"Gracias\"}]},{\"@type\":\"WebSite\",\"@id\":\"https:\\\/\\\/formaciondixital.gal\\\/es\\\/#website\",\"url\":\"https:\\\/\\\/formaciondixital.gal\\\/es\\\/\",\"name\":\"Formaci\u00f3nDixital\",\"description\":\"Competencias digitales intermedias\",\"potentialAction\":[{\"@type\":\"SearchAction\",\"target\":{\"@type\":\"EntryPoint\",\"urlTemplate\":\"https:\\\/\\\/formaciondixital.gal\\\/es\\\/?s={search_term_string}\"},\"query-input\":{\"@type\":\"PropertyValueSpecification\",\"valueRequired\":true,\"valueName\":\"search_term_string\"}}],\"inLanguage\":\"es\"}]}<\/script>\n<!-- \/ Yoast SEO plugin. -->","yoast_head_json":{"title":"Gracias - Formaci\u00f3nDixital","description":"100% online, 100% gratuito. \u00a1Inscr\u00edbete ahora!","robots":{"index":"index","follow":"follow","max-snippet":"max-snippet:-1","max-image-preview":"max-image-preview:large","max-video-preview":"max-video-preview:-1"},"canonical":"https:\/\/formaciondixital.gal\/es\/gracias\/","og_locale":"es_ES","og_type":"article","og_title":"Gracias - Formaci\u00f3nDixital","og_description":"100% online, 100% gratuito. \u00a1Inscr\u00edbete ahora!","og_url":"https:\/\/formaciondixital.gal\/es\/gracias\/","og_site_name":"Formaci\u00f3nDixital","article_modified_time":"2025-04-30T14:30:57+00:00","og_image":[{"width":1880,"height":1222,"url":"https:\/\/formaciondixital.gal\/wp-content\/uploads\/2024\/09\/Ilustracion-n5.png","type":"image\/png"}],"twitter_card":"summary_large_image","twitter_misc":{"Tiempo de lectura":"1 minuto"},"schema":{"@context":"https:\/\/schema.org","@graph":[{"@type":"WebPage","@id":"https:\/\/formaciondixital.gal\/es\/gracias\/","url":"https:\/\/formaciondixital.gal\/es\/gracias\/","name":"Gracias - Formaci\u00f3nDixital","isPartOf":{"@id":"https:\/\/formaciondixital.gal\/es\/#website"},"primaryImageOfPage":{"@id":"https:\/\/formaciondixital.gal\/es\/gracias\/#primaryimage"},"image":{"@id":"https:\/\/formaciondixital.gal\/es\/gracias\/#primaryimage"},"thumbnailUrl":"https:\/\/formaciondixital.gal\/wp-content\/uploads\/2024\/09\/Ilustracion-n5.png","datePublished":"2025-02-25T12:48:32+00:00","dateModified":"2025-04-30T14:30:57+00:00","description":"100% online, 100% gratuito. \u00a1Inscr\u00edbete ahora!","breadcrumb":{"@id":"https:\/\/formaciondixital.gal\/es\/gracias\/#breadcrumb"},"inLanguage":"es","potentialAction":[{"@type":"ReadAction","target":["https:\/\/formaciondixital.gal\/es\/gracias\/"]}]},{"@type":"ImageObject","inLanguage":"es","@id":"https:\/\/formaciondixital.gal\/es\/gracias\/#primaryimage","url":"https:\/\/formaciondixital.gal\/wp-content\/uploads\/2024\/09\/Ilustracion-n5.png","contentUrl":"https:\/\/formaciondixital.gal\/wp-content\/uploads\/2024\/09\/Ilustracion-n5.png","width":1880,"height":1222,"caption":"Formaci\u00f3n Dixital. Ilustraci\u00f3n de ni\u00f1o"},{"@type":"BreadcrumbList","@id":"https:\/\/formaciondixital.gal\/es\/gracias\/#breadcrumb","itemListElement":[{"@type":"ListItem","position":1,"name":"Portada","item":"https:\/\/formaciondixital.gal\/es\/"},{"@type":"ListItem","position":2,"name":"Gracias"}]},{"@type":"WebSite","@id":"https:\/\/formaciondixital.gal\/es\/#website","url":"https:\/\/formaciondixital.gal\/es\/","name":"Formaci\u00f3nDixital","description":"Competencias digitales intermedias","potentialAction":[{"@type":"SearchAction","target":{"@type":"EntryPoint","urlTemplate":"https:\/\/formaciondixital.gal\/es\/?s={search_term_string}"},"query-input":{"@type":"PropertyValueSpecification","valueRequired":true,"valueName":"search_term_string"}}],"inLanguage":"es"}]}},"_links":{"self":[{"href":"https:\/\/formaciondixital.gal\/es\/wp-json\/wp\/v2\/pages\/3704","targetHints":{"allow":["GET"]}}],"collection":[{"href":"https:\/\/formaciondixital.gal\/es\/wp-json\/wp\/v2\/pages"}],"about":[{"href":"https:\/\/formaciondixital.gal\/es\/wp-json\/wp\/v2\/types\/page"}],"author":[{"embeddable":true,"href":"https:\/\/formaciondixital.gal\/es\/wp-json\/wp\/v2\/users\/2"}],"replies":[{"embeddable":true,"href":"https:\/\/formaciondixital.gal\/es\/wp-json\/wp\/v2\/comments?post=3704"}],"version-history":[{"count":7,"href":"https:\/\/formaciondixital.gal\/es\/wp-json\/wp\/v2\/pages\/3704\/revisions"}],"predecessor-version":[{"id":4263,"href":"https:\/\/formaciondixital.gal\/es\/wp-json\/wp\/v2\/pages\/3704\/revisions\/4263"}],"wp:featuredmedia":[{"embeddable":true,"href":"https:\/\/formaciondixital.gal\/es\/wp-json\/wp\/v2\/media\/1153"}],"wp:attachment":[{"href":"https:\/\/formaciondixital.gal\/es\/wp-json\/wp\/v2\/media?parent=3704"}],"curies":[{"name":"wp","href":"https:\/\/api.w.org\/{rel}","templated":true}]}}