{"id":2329,"date":"2024-09-25T08:10:58","date_gmt":"2024-09-25T08:10:58","guid":{"rendered":"https:\/\/formaciondixital.gal\/?page_id=2329"},"modified":"2025-03-04T12:42:28","modified_gmt":"2025-03-04T12:42:28","slug":"informacion-basica-sobre-proteccion-de-datos-formulario-de-contacto-galego","status":"publish","type":"page","link":"https:\/\/formaciondixital.gal\/es\/informacion-basica-sobre-proteccion-de-datos-formulario-de-contacto-galego\/","title":{"rendered":"INFORMACI\u00d3N B\u00c1SICA SOBRE PROTECCI\u00d3N DE DATOS &#8211; Formulario de contacto"},"content":{"rendered":"<p>[et_pb_section fb_built=\u00bb1&#8243; _builder_version=\u00bb4.27.0&#8243; _module_preset=\u00bbdefault\u00bb da_disable_devices=\u00bboff|off|off\u00bb global_colors_info=\u00bb{}\u00bb da_is_popup=\u00bboff\u00bb da_exit_intent=\u00bboff\u00bb da_has_close=\u00bbon\u00bb da_alt_close=\u00bboff\u00bb da_dark_close=\u00bboff\u00bb da_not_modal=\u00bbon\u00bb da_is_singular=\u00bboff\u00bb da_with_loader=\u00bboff\u00bb da_has_shadow=\u00bbon\u00bb][et_pb_row _builder_version=\u00bb4.27.0&#8243; _module_preset=\u00bbdefault\u00bb global_colors_info=\u00bb{}\u00bb][et_pb_column type=\u00bb4_4&#8243; _builder_version=\u00bb4.27.0&#8243; _module_preset=\u00bbdefault\u00bb global_colors_info=\u00bb{}\u00bb][et_pb_code raw_content_tablet=\u00bb\u00bb raw_content_phone=\u00bb\u00bb raw_content_last_edited=\u00bbon|phone\u00bb _builder_version=\u00bb4.27.0&#8243; _module_preset=\u00bbdefault\u00bb hover_enabled=\u00bb0&#8243; global_colors_info=\u00bb{}\u00bb sticky_enabled=\u00bb0&#8243;]<\/p>\n<table     style=\"border-collapse: collapse;<!-- [et_pb_line_break_holder] -->    border: 1px solid black !important;<!-- [et_pb_line_break_holder] -->    text-align: left;<!-- [et_pb_line_break_holder] -->    color: blue;\u00bb><!-- [et_pb_line_break_holder] -->  <\/p>\n<tr><!-- [et_pb_line_break_holder] -->    <\/p>\n<th scope=\"col\" colspan=\"2\" style=\"color:black !important; font-size: 14px; text-align:center;\">INFORMACI\u00d3N B\u00c1SICA SOBRE PROTECCI\u00d3N DE DATOS<\/th>\n<p><!-- [et_pb_line_break_holder] --><\/tr>\n<p><!-- [et_pb_line_break_holder] --><\/p>\n<tbody><!-- [et_pb_line_break_holder] --><\/p>\n<tr  style=\"border-collapse: collapse;<!-- [et_pb_line_break_holder] -->    border: 1px solid #003f5f !important;<!-- [et_pb_line_break_holder] -->    text-align: left;<!-- [et_pb_line_break_holder] -->    color: blue;\u00bb><!-- [et_pb_line_break_holder] --><\/p>\n<td style=\"padding:1%; width: 30%; font-size: 14px; color:black !important; border-right: 1px solid #003f5f !important;\">Responsable do tratamento<\/td>\n<p><!-- [et_pb_line_break_holder] --><\/p>\n<td style=\"padding:1%;font-size: 14px; width: 70%; font-weight: bold; color:black !important;\">Xunta de Galicia &#8211; Axencia para a Modernizaci\u00f3n Tecnol\u00f3xica de Galicia (Amtega).<\/td>\n<p><!-- [et_pb_line_break_holder] --><\/tr>\n<p><!-- [et_pb_line_break_holder] --><\/p>\n<tr  style=\"border-collapse: collapse;<!-- [et_pb_line_break_holder] -->    border: 1px solid #003f5f !important;<!-- [et_pb_line_break_holder] -->    text-align: left;<!-- [et_pb_line_break_holder] -->    color: blue;\u00bb><!-- [et_pb_line_break_holder] --><\/p>\n<td style=\"padding:1%; width: 30%; font-size: 14px; color:black !important; border-right: 1px solid #003f5f !important;\">Finalidades do tratamento<\/td>\n<p><!-- [et_pb_line_break_holder] --><\/p>\n<td style=\"line-height: normal;padding:1%;font-size: 14px; width: 70%; font-weight: bold; color:black !important;\">Xesti\u00f3n da s\u00faa comunicaci\u00f3n remitida a trav\u00e9s do formulario de contacto.<\/td>\n<p><!-- [et_pb_line_break_holder] --><\/tr>\n<p><!-- [et_pb_line_break_holder] --><\/p>\n<tr  style=\"border-collapse: collapse;<!-- [et_pb_line_break_holder] -->    border: 1px solid #003f5f !important;<!-- [et_pb_line_break_holder] -->    text-align: left;<!-- [et_pb_line_break_holder] -->    color: blue;\u00bb><!-- [et_pb_line_break_holder] --><\/p>\n<td style=\"padding:1%; width: 30%; font-size: 14px; color:black !important; border-right: 1px solid #003f5f !important;\">Lexitimaci\u00f3n para o tratamento<\/td>\n<p><!-- [et_pb_line_break_holder] --><\/p>\n<td style=\"line-height: normal;padding:1%;font-size: 14px; width: 70%; font-weight: bold; color:black !important;\">O cumprimento dunha misi\u00f3n realizada en interese segundo a Lei 16\/2010, do 17 de decembro, de organizaci\u00f3n e funcionamento da Administraci\u00f3n Xeral e do sector p\u00fablico auton\u00f3mico de Galicia; Lei 4\/2019, do 17 de xullo, de administraci\u00f3n dixital de Galicia, Decreto 123\/2021, do 2 de setembro, polo que se regula o Marco galego de competencias dixitais e a certificaci\u00f3n galega en competencias dixitais e Decreto 252\/2011, do 15 de decembro, polo que se crea a Axencia para a Modernizaci\u00f3n Tecnol\u00f3xica de Galicia e apr\u00f3banse os seus estatutos.<\/td>\n<p><!-- [et_pb_line_break_holder] --><\/tr>\n<p><!-- [et_pb_line_break_holder] --><\/p>\n<tr  style=\"border-collapse: collapse;<!-- [et_pb_line_break_holder] -->    border: 1px solid #003f5f !important;<!-- [et_pb_line_break_holder] -->    text-align: left;<!-- [et_pb_line_break_holder] -->    color: blue;\u00bb><!-- [et_pb_line_break_holder] --><\/p>\n<td style=\"padding:1%; width: 30%; font-size: 14px; color:black !important; border-right: 1px solid #003f5f !important;\">Destinatarios dos datos<\/td>\n<p><!-- [et_pb_line_break_holder] --><\/p>\n<td style=\"line-height: normal;padding:1%;font-size: 14px; width: 70%; font-weight: bold; color:black !important;\">Entidades colaboradoras na prestaci\u00f3n do servizo, de ser necesario para a xesti\u00f3n da s\u00faa consulta.<\/td>\n<p><!-- [et_pb_line_break_holder] --><\/tr>\n<p><!-- [et_pb_line_break_holder] --><\/p>\n<tr  style=\"border-collapse: collapse;<!-- [et_pb_line_break_holder] -->    border: 1px solid #003f5f !important;<!-- [et_pb_line_break_holder] -->    text-align: left;<!-- [et_pb_line_break_holder] -->    color: blue;\u00bb><!-- [et_pb_line_break_holder] --><\/p>\n<td style=\"padding:1%; width: 30%; font-size: 14px; color:black !important; border-right: 1px solid #003f5f !important;\">Exercicio de dereitos<\/td>\n<p><!-- [et_pb_line_break_holder] --><\/p>\n<td style=\"line-height: normal;padding:1%;font-size: 14px; width: 70%; font-weight: bold; color:black !important;\">As persoas interesadas poder\u00e1n solicitar ao responsable do tratamento o acceso, rectificaci\u00f3n, oposici\u00f3n, limitaci\u00f3n e supresi\u00f3n dos seus datos a trav\u00e9s da sede electr\u00f3nica da Xunta de Galicia ou nos lugares e rexistros establecidos na normativa do procedemento administrativo com\u00fan, tal e como se establece en <a style=\"font-size: 14px; color:black !important;\" href=\"https:\/\/www.xunta.gal\/exercicio-de-dereitos\">https:\/\/www.xunta.gal\/exercicio-de-dereitos<\/a><\/td>\n<p><!-- [et_pb_line_break_holder] --><\/tr>\n<p><!-- [et_pb_line_break_holder] --><\/p>\n<tr  style=\"line-height: normal; border-collapse: collapse;<!-- [et_pb_line_break_holder] -->    border: 1px solid #003f5f !important;<!-- [et_pb_line_break_holder] -->    text-align: left;<!-- [et_pb_line_break_holder] -->    color: blue;\u00bb><!-- [et_pb_line_break_holder] --><\/p>\n<td style=\"padding:1%; width: 30%; font-size: 14px; color:black !important; border-right: 1px solid #003f5f !important;\">Contacto do Delegado\/a de Protecci\u00f3n de Datos e Informaci\u00f3n adicional<\/td>\n<p><!-- [et_pb_line_break_holder] --><\/p>\n<td style=\"line-height: normal;padding:1%;font-size: 14px; width: 70%; font-weight: bold; color:black !important;\"><a style=\"font-size: 14px; color:black !important;\" href=\"https:\/\/www.xunta.gal\/informacion-xeral-proteccion-datos\">https:\/\/www.xunta.gal\/informacion-xeral-proteccion-datos<\/a><\/td>\n<p><!-- [et_pb_line_break_holder] --><\/tr>\n<p><!-- [et_pb_line_break_holder] --><\/tbody>\n<p><!-- [et_pb_line_break_holder] --><\/table>\n<p>[\/et_pb_code][\/et_pb_column][\/et_pb_row][\/et_pb_section]<\/p>\n","protected":false},"excerpt":{"rendered":"","protected":false},"author":2,"featured_media":3071,"parent":0,"menu_order":0,"comment_status":"closed","ping_status":"closed","template":"","meta":{"_et_pb_use_builder":"on","_et_pb_old_content":"","_et_gb_content_width":"","_joinchat":[],"footnotes":""},"class_list":["post-2329","page","type-page","status-publish","has-post-thumbnail","hentry"],"yoast_head":"<!-- This site is optimized with the Yoast SEO plugin v27.6 - https:\/\/yoast.com\/product\/yoast-seo-wordpress\/ -->\n<title>INFORMACI\u00d3N B\u00c1SICA SOBRE PROTECCI\u00d3N DE DATOS - Formulario de contacto - Formaci\u00f3nDixital<\/title>\n<meta name=\"description\" content=\"Informaci\u00f3n sobre protecci\u00f3n de datos persoais. Quen \u00e9 o responsable e o encargado do tratamento?, quen \u00e9 o\/a delegado\/a de protecci\u00f3n de datos?...\" \/>\n<meta name=\"robots\" content=\"index, follow, max-snippet:-1, max-image-preview:large, max-video-preview:-1\" \/>\n<link rel=\"canonical\" href=\"https:\/\/formaciondixital.gal\/es\/informacion-basica-sobre-proteccion-de-datos-formulario-de-contacto-galego\/\" \/>\n<meta property=\"og:locale\" content=\"es_ES\" \/>\n<meta property=\"og:type\" content=\"article\" \/>\n<meta property=\"og:title\" content=\"INFORMACI\u00d3N B\u00c1SICA SOBRE PROTECCI\u00d3N DE DATOS - Formulario de contacto - Formaci\u00f3nDixital\" \/>\n<meta property=\"og:description\" content=\"Informaci\u00f3n sobre protecci\u00f3n de datos persoais. Quen \u00e9 o responsable e o encargado do tratamento?, quen \u00e9 o\/a delegado\/a de protecci\u00f3n de datos?...\" \/>\n<meta property=\"og:url\" content=\"https:\/\/formaciondixital.gal\/es\/informacion-basica-sobre-proteccion-de-datos-formulario-de-contacto-galego\/\" \/>\n<meta property=\"og:site_name\" content=\"Formaci\u00f3nDixital\" \/>\n<meta property=\"article:modified_time\" content=\"2025-03-04T12:42:28+00:00\" \/>\n<meta property=\"og:image\" content=\"https:\/\/formaciondixital.gal\/wp-content\/uploads\/2024\/10\/Formacion-Dixital-logo-dixital-cadrado.png\" \/>\n\t<meta property=\"og:image:width\" content=\"300\" \/>\n\t<meta property=\"og:image:height\" content=\"300\" \/>\n\t<meta property=\"og:image:type\" content=\"image\/png\" \/>\n<meta name=\"twitter:card\" content=\"summary_large_image\" \/>\n<meta name=\"twitter:label1\" content=\"Tiempo de lectura\" \/>\n\t<meta name=\"twitter:data1\" content=\"2 minutos\" \/>\n<script type=\"application\/ld+json\" class=\"yoast-schema-graph\">{\"@context\":\"https:\\\/\\\/schema.org\",\"@graph\":[{\"@type\":\"WebPage\",\"@id\":\"https:\\\/\\\/formaciondixital.gal\\\/es\\\/informacion-basica-sobre-proteccion-de-datos-formulario-de-contacto-galego\\\/\",\"url\":\"https:\\\/\\\/formaciondixital.gal\\\/es\\\/informacion-basica-sobre-proteccion-de-datos-formulario-de-contacto-galego\\\/\",\"name\":\"INFORMACI\u00d3N B\u00c1SICA SOBRE PROTECCI\u00d3N DE DATOS - Formulario de contacto - Formaci\u00f3nDixital\",\"isPartOf\":{\"@id\":\"https:\\\/\\\/formaciondixital.gal\\\/es\\\/#website\"},\"primaryImageOfPage\":{\"@id\":\"https:\\\/\\\/formaciondixital.gal\\\/es\\\/informacion-basica-sobre-proteccion-de-datos-formulario-de-contacto-galego\\\/#primaryimage\"},\"image\":{\"@id\":\"https:\\\/\\\/formaciondixital.gal\\\/es\\\/informacion-basica-sobre-proteccion-de-datos-formulario-de-contacto-galego\\\/#primaryimage\"},\"thumbnailUrl\":\"https:\\\/\\\/formaciondixital.gal\\\/wp-content\\\/uploads\\\/2024\\\/10\\\/Formacion-Dixital-logo-dixital-cadrado.png\",\"datePublished\":\"2024-09-25T08:10:58+00:00\",\"dateModified\":\"2025-03-04T12:42:28+00:00\",\"description\":\"Informaci\u00f3n sobre protecci\u00f3n de datos persoais. Quen \u00e9 o responsable e o encargado do tratamento?, quen \u00e9 o\\\/a delegado\\\/a de protecci\u00f3n de datos?...\",\"breadcrumb\":{\"@id\":\"https:\\\/\\\/formaciondixital.gal\\\/es\\\/informacion-basica-sobre-proteccion-de-datos-formulario-de-contacto-galego\\\/#breadcrumb\"},\"inLanguage\":\"es\",\"potentialAction\":[{\"@type\":\"ReadAction\",\"target\":[\"https:\\\/\\\/formaciondixital.gal\\\/es\\\/informacion-basica-sobre-proteccion-de-datos-formulario-de-contacto-galego\\\/\"]}]},{\"@type\":\"ImageObject\",\"inLanguage\":\"es\",\"@id\":\"https:\\\/\\\/formaciondixital.gal\\\/es\\\/informacion-basica-sobre-proteccion-de-datos-formulario-de-contacto-galego\\\/#primaryimage\",\"url\":\"https:\\\/\\\/formaciondixital.gal\\\/wp-content\\\/uploads\\\/2024\\\/10\\\/Formacion-Dixital-logo-dixital-cadrado.png\",\"contentUrl\":\"https:\\\/\\\/formaciondixital.gal\\\/wp-content\\\/uploads\\\/2024\\\/10\\\/Formacion-Dixital-logo-dixital-cadrado.png\",\"width\":300,\"height\":300},{\"@type\":\"BreadcrumbList\",\"@id\":\"https:\\\/\\\/formaciondixital.gal\\\/es\\\/informacion-basica-sobre-proteccion-de-datos-formulario-de-contacto-galego\\\/#breadcrumb\",\"itemListElement\":[{\"@type\":\"ListItem\",\"position\":1,\"name\":\"Portada\",\"item\":\"https:\\\/\\\/formaciondixital.gal\\\/es\\\/inicio-cast\\\/\"},{\"@type\":\"ListItem\",\"position\":2,\"name\":\"INFORMACI\u00d3N B\u00c1SICA SOBRE PROTECCI\u00d3N DE DATOS &#8211; Formulario de contacto\"}]},{\"@type\":\"WebSite\",\"@id\":\"https:\\\/\\\/formaciondixital.gal\\\/es\\\/#website\",\"url\":\"https:\\\/\\\/formaciondixital.gal\\\/es\\\/\",\"name\":\"Formaci\u00f3nDixital\",\"description\":\"Competencias digitales intermedias\",\"potentialAction\":[{\"@type\":\"SearchAction\",\"target\":{\"@type\":\"EntryPoint\",\"urlTemplate\":\"https:\\\/\\\/formaciondixital.gal\\\/es\\\/?s={search_term_string}\"},\"query-input\":{\"@type\":\"PropertyValueSpecification\",\"valueRequired\":true,\"valueName\":\"search_term_string\"}}],\"inLanguage\":\"es\"}]}<\/script>\n<!-- \/ Yoast SEO plugin. -->","yoast_head_json":{"title":"INFORMACI\u00d3N B\u00c1SICA SOBRE PROTECCI\u00d3N DE DATOS - Formulario de contacto - Formaci\u00f3nDixital","description":"Informaci\u00f3n sobre protecci\u00f3n de datos persoais. Quen \u00e9 o responsable e o encargado do tratamento?, quen \u00e9 o\/a delegado\/a de protecci\u00f3n de datos?...","robots":{"index":"index","follow":"follow","max-snippet":"max-snippet:-1","max-image-preview":"max-image-preview:large","max-video-preview":"max-video-preview:-1"},"canonical":"https:\/\/formaciondixital.gal\/es\/informacion-basica-sobre-proteccion-de-datos-formulario-de-contacto-galego\/","og_locale":"es_ES","og_type":"article","og_title":"INFORMACI\u00d3N B\u00c1SICA SOBRE PROTECCI\u00d3N DE DATOS - Formulario de contacto - Formaci\u00f3nDixital","og_description":"Informaci\u00f3n sobre protecci\u00f3n de datos persoais. Quen \u00e9 o responsable e o encargado do tratamento?, quen \u00e9 o\/a delegado\/a de protecci\u00f3n de datos?...","og_url":"https:\/\/formaciondixital.gal\/es\/informacion-basica-sobre-proteccion-de-datos-formulario-de-contacto-galego\/","og_site_name":"Formaci\u00f3nDixital","article_modified_time":"2025-03-04T12:42:28+00:00","og_image":[{"width":300,"height":300,"url":"https:\/\/formaciondixital.gal\/wp-content\/uploads\/2024\/10\/Formacion-Dixital-logo-dixital-cadrado.png","type":"image\/png"}],"twitter_card":"summary_large_image","twitter_misc":{"Tiempo de lectura":"2 minutos"},"schema":{"@context":"https:\/\/schema.org","@graph":[{"@type":"WebPage","@id":"https:\/\/formaciondixital.gal\/es\/informacion-basica-sobre-proteccion-de-datos-formulario-de-contacto-galego\/","url":"https:\/\/formaciondixital.gal\/es\/informacion-basica-sobre-proteccion-de-datos-formulario-de-contacto-galego\/","name":"INFORMACI\u00d3N B\u00c1SICA SOBRE PROTECCI\u00d3N DE DATOS - Formulario de contacto - Formaci\u00f3nDixital","isPartOf":{"@id":"https:\/\/formaciondixital.gal\/es\/#website"},"primaryImageOfPage":{"@id":"https:\/\/formaciondixital.gal\/es\/informacion-basica-sobre-proteccion-de-datos-formulario-de-contacto-galego\/#primaryimage"},"image":{"@id":"https:\/\/formaciondixital.gal\/es\/informacion-basica-sobre-proteccion-de-datos-formulario-de-contacto-galego\/#primaryimage"},"thumbnailUrl":"https:\/\/formaciondixital.gal\/wp-content\/uploads\/2024\/10\/Formacion-Dixital-logo-dixital-cadrado.png","datePublished":"2024-09-25T08:10:58+00:00","dateModified":"2025-03-04T12:42:28+00:00","description":"Informaci\u00f3n sobre protecci\u00f3n de datos persoais. Quen \u00e9 o responsable e o encargado do tratamento?, quen \u00e9 o\/a delegado\/a de protecci\u00f3n de datos?...","breadcrumb":{"@id":"https:\/\/formaciondixital.gal\/es\/informacion-basica-sobre-proteccion-de-datos-formulario-de-contacto-galego\/#breadcrumb"},"inLanguage":"es","potentialAction":[{"@type":"ReadAction","target":["https:\/\/formaciondixital.gal\/es\/informacion-basica-sobre-proteccion-de-datos-formulario-de-contacto-galego\/"]}]},{"@type":"ImageObject","inLanguage":"es","@id":"https:\/\/formaciondixital.gal\/es\/informacion-basica-sobre-proteccion-de-datos-formulario-de-contacto-galego\/#primaryimage","url":"https:\/\/formaciondixital.gal\/wp-content\/uploads\/2024\/10\/Formacion-Dixital-logo-dixital-cadrado.png","contentUrl":"https:\/\/formaciondixital.gal\/wp-content\/uploads\/2024\/10\/Formacion-Dixital-logo-dixital-cadrado.png","width":300,"height":300},{"@type":"BreadcrumbList","@id":"https:\/\/formaciondixital.gal\/es\/informacion-basica-sobre-proteccion-de-datos-formulario-de-contacto-galego\/#breadcrumb","itemListElement":[{"@type":"ListItem","position":1,"name":"Portada","item":"https:\/\/formaciondixital.gal\/es\/inicio-cast\/"},{"@type":"ListItem","position":2,"name":"INFORMACI\u00d3N B\u00c1SICA SOBRE PROTECCI\u00d3N DE DATOS &#8211; Formulario de contacto"}]},{"@type":"WebSite","@id":"https:\/\/formaciondixital.gal\/es\/#website","url":"https:\/\/formaciondixital.gal\/es\/","name":"Formaci\u00f3nDixital","description":"Competencias digitales intermedias","potentialAction":[{"@type":"SearchAction","target":{"@type":"EntryPoint","urlTemplate":"https:\/\/formaciondixital.gal\/es\/?s={search_term_string}"},"query-input":{"@type":"PropertyValueSpecification","valueRequired":true,"valueName":"search_term_string"}}],"inLanguage":"es"}]}},"_links":{"self":[{"href":"https:\/\/formaciondixital.gal\/es\/wp-json\/wp\/v2\/pages\/2329","targetHints":{"allow":["GET"]}}],"collection":[{"href":"https:\/\/formaciondixital.gal\/es\/wp-json\/wp\/v2\/pages"}],"about":[{"href":"https:\/\/formaciondixital.gal\/es\/wp-json\/wp\/v2\/types\/page"}],"author":[{"embeddable":true,"href":"https:\/\/formaciondixital.gal\/es\/wp-json\/wp\/v2\/users\/2"}],"replies":[{"embeddable":true,"href":"https:\/\/formaciondixital.gal\/es\/wp-json\/wp\/v2\/comments?post=2329"}],"version-history":[{"count":11,"href":"https:\/\/formaciondixital.gal\/es\/wp-json\/wp\/v2\/pages\/2329\/revisions"}],"predecessor-version":[{"id":3914,"href":"https:\/\/formaciondixital.gal\/es\/wp-json\/wp\/v2\/pages\/2329\/revisions\/3914"}],"wp:featuredmedia":[{"embeddable":true,"href":"https:\/\/formaciondixital.gal\/es\/wp-json\/wp\/v2\/media\/3071"}],"wp:attachment":[{"href":"https:\/\/formaciondixital.gal\/es\/wp-json\/wp\/v2\/media?parent=2329"}],"curies":[{"name":"wp","href":"https:\/\/api.w.org\/{rel}","templated":true}]}}