{"id":2061,"date":"2024-09-20T08:37:23","date_gmt":"2024-09-20T08:37:23","guid":{"rendered":"https:\/\/formaciondixital.gal\/?page_id=2061"},"modified":"2024-10-23T10:53:29","modified_gmt":"2024-10-23T10:53:29","slug":"informacion-basica-sobre-proteccion-de-datos","status":"publish","type":"page","link":"https:\/\/formaciondixital.gal\/es\/informacion-basica-sobre-proteccion-de-datos\/","title":{"rendered":"INFORMACI\u00d3N B\u00c1SICA SOBRE PROTECCI\u00d3N DE DATOS &#8211; Solicitud de de informaci\u00f3n"},"content":{"rendered":"<p>[et_pb_section fb_built=\u00bb1&#8243; theme_builder_area=\u00bbpost_content\u00bb _builder_version=\u00bb4.27.0&#8243; _module_preset=\u00bbdefault\u00bb da_is_popup=\u00bboff\u00bb da_exit_intent=\u00bboff\u00bb da_has_close=\u00bbon\u00bb da_alt_close=\u00bboff\u00bb da_dark_close=\u00bboff\u00bb da_not_modal=\u00bbon\u00bb da_is_singular=\u00bboff\u00bb da_with_loader=\u00bboff\u00bb da_has_shadow=\u00bbon\u00bb da_disable_devices=\u00bboff|off|off\u00bb][et_pb_row _builder_version=\u00bb4.27.0&#8243; _module_preset=\u00bbdefault\u00bb theme_builder_area=\u00bbpost_content\u00bb][et_pb_column _builder_version=\u00bb4.27.0&#8243; _module_preset=\u00bbdefault\u00bb type=\u00bb4_4&#8243; theme_builder_area=\u00bbpost_content\u00bb][et_pb_code _builder_version=\u00bb4.27.0&#8243; _module_preset=\u00bbdefault\u00bb theme_builder_area=\u00bbpost_content\u00bb hover_enabled=\u00bb0&#8243; sticky_enabled=\u00bb0&#8243;]<\/p>\n<table     style=\"border-collapse: collapse;<!-- [et_pb_line_break_holder] -->    border: 1px solid black !important;<!-- [et_pb_line_break_holder] -->    text-align: left;<!-- [et_pb_line_break_holder] -->    color: blue;\u00bb><!-- [et_pb_line_break_holder] -->  <\/p>\n<tr><!-- [et_pb_line_break_holder] -->    <\/p>\n<th scope=\"col\" colspan=\"2\" style=\"color:black !important; font-size: 14px; text-align:center;\">INFORMACI\u00d3N B\u00c1SICA SOBRE PROTECCI\u00d3N DE DATOS<\/th>\n<p><!-- [et_pb_line_break_holder] --><\/tr>\n<p><!-- [et_pb_line_break_holder] --><\/p>\n<tbody><!-- [et_pb_line_break_holder] --><\/p>\n<tr  style=\"border-collapse: collapse;<!-- [et_pb_line_break_holder] -->    border: 1px solid #003f5f !important;<!-- [et_pb_line_break_holder] -->    text-align: left;<!-- [et_pb_line_break_holder] -->    color: blue;\u00bb><!-- [et_pb_line_break_holder] --><\/p>\n<td style=\"padding:1%; width: 30%; font-size: 14px; color:black !important; border-right: 1px solid #003f5f !important;\">Responsable del tratamiento<\/td>\n<p><!-- [et_pb_line_break_holder] --><\/p>\n<td style=\"padding:1%;font-size: 14px; width: 70%; font-weight: bold; color:black !important;\">Xunta de Galicia &#8211; Agencia para la Modernizaci\u00f3n Tecnol\u00f3gica de Galicia (Amtega).<\/td>\n<p><!-- [et_pb_line_break_holder] --><\/tr>\n<p><!-- [et_pb_line_break_holder] --><\/p>\n<tr  style=\"border-collapse: collapse;<!-- [et_pb_line_break_holder] -->    border: 1px solid #003f5f !important;<!-- [et_pb_line_break_holder] -->    text-align: left;<!-- [et_pb_line_break_holder] -->    color: blue;\u00bb><!-- [et_pb_line_break_holder] --><\/p>\n<td style=\"padding:1%; width: 30%; font-size: 14px; color:black !important; border-right: 1px solid #003f5f !important;\">Finalidades del tratamiento<\/td>\n<p><!-- [et_pb_line_break_holder] --><\/p>\n<td style=\"line-height: normal;padding:1%;font-size: 14px; width: 70%; font-weight: bold; color:black !important;\">Gesti\u00f3n de su solicitud de informaci\u00f3n respecto de los recursos disponibles en este portal.<\/td>\n<p><!-- [et_pb_line_break_holder] --><\/tr>\n<p><!-- [et_pb_line_break_holder] --><\/p>\n<tr  style=\"border-collapse: collapse;<!-- [et_pb_line_break_holder] -->    border: 1px solid #003f5f !important;<!-- [et_pb_line_break_holder] -->    text-align: left;<!-- [et_pb_line_break_holder] -->    color: blue;\u00bb><!-- [et_pb_line_break_holder] --><\/p>\n<td style=\"padding:1%; width: 30%; font-size: 14px; color:black !important; border-right: 1px solid #003f5f !important;\">Legitimaci\u00f3n para el tratamiento<\/td>\n<p><!-- [et_pb_line_break_holder] --><\/p>\n<td style=\"line-height: normal;padding:1%;font-size: 14px; width: 70%; font-weight: bold; color:black !important;\">El cumplimiento de una misi\u00f3n realizada en inter\u00e9s p\u00fablico seg\u00fan la Ley 16\/2010, de 17 de diciembre, de organizaci\u00f3n y funcionamiento de la Administraci\u00f3n General y del sector p\u00fablico auton\u00f3mico de Galicia; Ley 4\/2019, de 17 de julio, de administraci\u00f3n digital de Galicia, Decreto 123\/2021, del 2 de septiembre, por el que se regula el Marco gallego de competencias digitales y la certificaci\u00f3n gallega en competencias digitales y Decreto 252\/2011, de 15 de diciembre, por el que se crea la Agencia para la Modernizaci\u00f3n Tecnol\u00f3gica de Galicia y se aprueban sus estatutos.<\/td>\n<p><!-- [et_pb_line_break_holder] --><\/tr>\n<p><!-- [et_pb_line_break_holder] --><\/p>\n<tr  style=\"border-collapse: collapse;<!-- [et_pb_line_break_holder] -->    border: 1px solid #003f5f !important;<!-- [et_pb_line_break_holder] -->    text-align: left;<!-- [et_pb_line_break_holder] -->    color: blue;\u00bb><!-- [et_pb_line_break_holder] --><\/p>\n<td style=\"padding:1%; width: 30%; font-size: 14px; color:black !important; border-right: 1px solid #003f5f !important;\">Destinatarios de los datos<\/td>\n<p><!-- [et_pb_line_break_holder] --><\/p>\n<td style=\"line-height: normal;padding:1%;font-size: 14px; width: 70%; font-weight: bold; color:black !important;\">No se prev\u00e9n comunicaciones a terceros.<\/td>\n<p><!-- [et_pb_line_break_holder] --><\/tr>\n<p><!-- [et_pb_line_break_holder] --><\/p>\n<tr  style=\"border-collapse: collapse;<!-- [et_pb_line_break_holder] -->    border: 1px solid #003f5f !important;<!-- [et_pb_line_break_holder] -->    text-align: left;<!-- [et_pb_line_break_holder] -->    color: blue;\u00bb><!-- [et_pb_line_break_holder] --><\/p>\n<td style=\"padding:1%; width: 30%; font-size: 14px; color:black !important; border-right: 1px solid #003f5f !important;\">Ejercicio de derechos<\/td>\n<p><!-- [et_pb_line_break_holder] --><\/p>\n<td style=\"line-height: normal;padding:1%;font-size: 14px; width: 70%; font-weight: bold; color:black !important;\">Las personas interesadas podr\u00e1n solicitar al responsable del tratamiento el acceso, rectificaci\u00f3n, oposici\u00f3n, limitaci\u00f3n y supresi\u00f3n de sus datos a trav\u00e9s de la sede electr\u00f3nica de la Xunta de Galicia o en los lugares y registros establecidos en la normativa del procedimiento administrativo com\u00fan, tal y como se establece en https:\/\/www.xunta.gal\/exercicio-de-dereitos.<\/td>\n<p><!-- [et_pb_line_break_holder] --><\/tr>\n<p><!-- [et_pb_line_break_holder] --><\/p>\n<tr  style=\"line-height: normal; border-collapse: collapse;<!-- [et_pb_line_break_holder] -->    border: 1px solid #003f5f !important;<!-- [et_pb_line_break_holder] -->    text-align: left;<!-- [et_pb_line_break_holder] -->    color: blue;\u00bb><!-- [et_pb_line_break_holder] --><\/p>\n<td style=\"padding:1%; width: 30%; font-size: 14px; color:black !important; border-right: 1px solid #003f5f !important;\">Contacto del Delegado\/a de Protecci\u00f3n de Datos e Informaci\u00f3n adicional<\/td>\n<p><!-- [et_pb_line_break_holder] --><\/p>\n<td style=\"line-height: normal;padding:1%;font-size: 14px; width: 70%; font-weight: bold; color:black !important;\"><a style=\"font-size: 14px; color:black !important;\" href=\"https:\/\/www.xunta.gal\/informacion-xeral-proteccion-datos\">https:\/\/www.xunta.gal\/informacion-xeral-proteccion-datos<\/a><\/td>\n<p><!-- [et_pb_line_break_holder] --><\/tr>\n<p><!-- [et_pb_line_break_holder] --><\/tbody>\n<p><!-- [et_pb_line_break_holder] --><\/table>\n<p>[\/et_pb_code][\/et_pb_column][\/et_pb_row][\/et_pb_section]<\/p>\n","protected":false},"excerpt":{"rendered":"","protected":false},"author":2,"featured_media":0,"parent":0,"menu_order":0,"comment_status":"closed","ping_status":"closed","template":"","meta":{"_et_pb_use_builder":"on","_et_pb_old_content":"","_et_gb_content_width":"","_joinchat":[],"footnotes":""},"class_list":["post-2061","page","type-page","status-publish","hentry"],"yoast_head":"<!-- This site is optimized with the Yoast SEO plugin v27.3 - https:\/\/yoast.com\/product\/yoast-seo-wordpress\/ -->\n<title>INFORMACI\u00d3N B\u00c1SICA SOBRE PROTECCI\u00d3N DE DATOS - Solicitud de de informaci\u00f3n - Formaci\u00f3nDixital<\/title>\n<meta name=\"description\" content=\"Formulario de solicitud de informaci\u00f3n de Formaci\u00f3n Dixital.\" \/>\n<meta name=\"robots\" content=\"index, follow, max-snippet:-1, max-image-preview:large, max-video-preview:-1\" \/>\n<link rel=\"canonical\" href=\"https:\/\/formaciondixital.gal\/es\/informacion-basica-sobre-proteccion-de-datos\/\" \/>\n<meta property=\"og:locale\" content=\"es_ES\" \/>\n<meta property=\"og:type\" content=\"article\" \/>\n<meta property=\"og:title\" content=\"INFORMACI\u00d3N B\u00c1SICA SOBRE PROTECCI\u00d3N DE DATOS - Solicitud de de informaci\u00f3n - Formaci\u00f3nDixital\" \/>\n<meta property=\"og:description\" content=\"Formulario de solicitud de informaci\u00f3n de Formaci\u00f3n Dixital.\" \/>\n<meta property=\"og:url\" content=\"https:\/\/formaciondixital.gal\/es\/informacion-basica-sobre-proteccion-de-datos\/\" \/>\n<meta property=\"og:site_name\" content=\"Formaci\u00f3nDixital\" \/>\n<meta property=\"article:modified_time\" content=\"2024-10-23T10:53:29+00:00\" \/>\n<meta name=\"twitter:card\" content=\"summary_large_image\" \/>\n<meta name=\"twitter:label1\" content=\"Tiempo de lectura\" \/>\n\t<meta name=\"twitter:data1\" content=\"1 minuto\" \/>\n<script type=\"application\/ld+json\" class=\"yoast-schema-graph\">{\"@context\":\"https:\\\/\\\/schema.org\",\"@graph\":[{\"@type\":\"WebPage\",\"@id\":\"https:\\\/\\\/formaciondixital.gal\\\/es\\\/informacion-basica-sobre-proteccion-de-datos\\\/\",\"url\":\"https:\\\/\\\/formaciondixital.gal\\\/es\\\/informacion-basica-sobre-proteccion-de-datos\\\/\",\"name\":\"INFORMACI\u00d3N B\u00c1SICA SOBRE PROTECCI\u00d3N DE DATOS - Solicitud de de informaci\u00f3n - Formaci\u00f3nDixital\",\"isPartOf\":{\"@id\":\"https:\\\/\\\/formaciondixital.gal\\\/es\\\/#website\"},\"datePublished\":\"2024-09-20T08:37:23+00:00\",\"dateModified\":\"2024-10-23T10:53:29+00:00\",\"description\":\"Formulario de solicitud de informaci\u00f3n de Formaci\u00f3n Dixital.\",\"breadcrumb\":{\"@id\":\"https:\\\/\\\/formaciondixital.gal\\\/es\\\/informacion-basica-sobre-proteccion-de-datos\\\/#breadcrumb\"},\"inLanguage\":\"es\",\"potentialAction\":[{\"@type\":\"ReadAction\",\"target\":[\"https:\\\/\\\/formaciondixital.gal\\\/es\\\/informacion-basica-sobre-proteccion-de-datos\\\/\"]}]},{\"@type\":\"BreadcrumbList\",\"@id\":\"https:\\\/\\\/formaciondixital.gal\\\/es\\\/informacion-basica-sobre-proteccion-de-datos\\\/#breadcrumb\",\"itemListElement\":[{\"@type\":\"ListItem\",\"position\":1,\"name\":\"Portada\",\"item\":\"https:\\\/\\\/formaciondixital.gal\\\/es\\\/\"},{\"@type\":\"ListItem\",\"position\":2,\"name\":\"INFORMACI\u00d3N B\u00c1SICA SOBRE PROTECCI\u00d3N DE DATOS &#8211; Solicitud de de informaci\u00f3n\"}]},{\"@type\":\"WebSite\",\"@id\":\"https:\\\/\\\/formaciondixital.gal\\\/es\\\/#website\",\"url\":\"https:\\\/\\\/formaciondixital.gal\\\/es\\\/\",\"name\":\"Formaci\u00f3nDixital\",\"description\":\"Competencias digitales intermedias\",\"potentialAction\":[{\"@type\":\"SearchAction\",\"target\":{\"@type\":\"EntryPoint\",\"urlTemplate\":\"https:\\\/\\\/formaciondixital.gal\\\/es\\\/?s={search_term_string}\"},\"query-input\":{\"@type\":\"PropertyValueSpecification\",\"valueRequired\":true,\"valueName\":\"search_term_string\"}}],\"inLanguage\":\"es\"}]}<\/script>\n<!-- \/ Yoast SEO plugin. -->","yoast_head_json":{"title":"INFORMACI\u00d3N B\u00c1SICA SOBRE PROTECCI\u00d3N DE DATOS - Solicitud de de informaci\u00f3n - Formaci\u00f3nDixital","description":"Formulario de solicitud de informaci\u00f3n de Formaci\u00f3n Dixital.","robots":{"index":"index","follow":"follow","max-snippet":"max-snippet:-1","max-image-preview":"max-image-preview:large","max-video-preview":"max-video-preview:-1"},"canonical":"https:\/\/formaciondixital.gal\/es\/informacion-basica-sobre-proteccion-de-datos\/","og_locale":"es_ES","og_type":"article","og_title":"INFORMACI\u00d3N B\u00c1SICA SOBRE PROTECCI\u00d3N DE DATOS - Solicitud de de informaci\u00f3n - Formaci\u00f3nDixital","og_description":"Formulario de solicitud de informaci\u00f3n de Formaci\u00f3n Dixital.","og_url":"https:\/\/formaciondixital.gal\/es\/informacion-basica-sobre-proteccion-de-datos\/","og_site_name":"Formaci\u00f3nDixital","article_modified_time":"2024-10-23T10:53:29+00:00","twitter_card":"summary_large_image","twitter_misc":{"Tiempo de lectura":"1 minuto"},"schema":{"@context":"https:\/\/schema.org","@graph":[{"@type":"WebPage","@id":"https:\/\/formaciondixital.gal\/es\/informacion-basica-sobre-proteccion-de-datos\/","url":"https:\/\/formaciondixital.gal\/es\/informacion-basica-sobre-proteccion-de-datos\/","name":"INFORMACI\u00d3N B\u00c1SICA SOBRE PROTECCI\u00d3N DE DATOS - Solicitud de de informaci\u00f3n - Formaci\u00f3nDixital","isPartOf":{"@id":"https:\/\/formaciondixital.gal\/es\/#website"},"datePublished":"2024-09-20T08:37:23+00:00","dateModified":"2024-10-23T10:53:29+00:00","description":"Formulario de solicitud de informaci\u00f3n de Formaci\u00f3n Dixital.","breadcrumb":{"@id":"https:\/\/formaciondixital.gal\/es\/informacion-basica-sobre-proteccion-de-datos\/#breadcrumb"},"inLanguage":"es","potentialAction":[{"@type":"ReadAction","target":["https:\/\/formaciondixital.gal\/es\/informacion-basica-sobre-proteccion-de-datos\/"]}]},{"@type":"BreadcrumbList","@id":"https:\/\/formaciondixital.gal\/es\/informacion-basica-sobre-proteccion-de-datos\/#breadcrumb","itemListElement":[{"@type":"ListItem","position":1,"name":"Portada","item":"https:\/\/formaciondixital.gal\/es\/"},{"@type":"ListItem","position":2,"name":"INFORMACI\u00d3N B\u00c1SICA SOBRE PROTECCI\u00d3N DE DATOS &#8211; Solicitud de de informaci\u00f3n"}]},{"@type":"WebSite","@id":"https:\/\/formaciondixital.gal\/es\/#website","url":"https:\/\/formaciondixital.gal\/es\/","name":"Formaci\u00f3nDixital","description":"Competencias digitales intermedias","potentialAction":[{"@type":"SearchAction","target":{"@type":"EntryPoint","urlTemplate":"https:\/\/formaciondixital.gal\/es\/?s={search_term_string}"},"query-input":{"@type":"PropertyValueSpecification","valueRequired":true,"valueName":"search_term_string"}}],"inLanguage":"es"}]}},"_links":{"self":[{"href":"https:\/\/formaciondixital.gal\/es\/wp-json\/wp\/v2\/pages\/2061","targetHints":{"allow":["GET"]}}],"collection":[{"href":"https:\/\/formaciondixital.gal\/es\/wp-json\/wp\/v2\/pages"}],"about":[{"href":"https:\/\/formaciondixital.gal\/es\/wp-json\/wp\/v2\/types\/page"}],"author":[{"embeddable":true,"href":"https:\/\/formaciondixital.gal\/es\/wp-json\/wp\/v2\/users\/2"}],"replies":[{"embeddable":true,"href":"https:\/\/formaciondixital.gal\/es\/wp-json\/wp\/v2\/comments?post=2061"}],"version-history":[{"count":6,"href":"https:\/\/formaciondixital.gal\/es\/wp-json\/wp\/v2\/pages\/2061\/revisions"}],"predecessor-version":[{"id":3093,"href":"https:\/\/formaciondixital.gal\/es\/wp-json\/wp\/v2\/pages\/2061\/revisions\/3093"}],"wp:attachment":[{"href":"https:\/\/formaciondixital.gal\/es\/wp-json\/wp\/v2\/media?parent=2061"}],"curies":[{"name":"wp","href":"https:\/\/api.w.org\/{rel}","templated":true}]}}