{"id":136,"date":"2024-07-30T15:15:04","date_gmt":"2024-07-30T15:15:04","guid":{"rendered":"https:\/\/formaciondixital.gal\/?page_id=136"},"modified":"2025-10-30T12:39:39","modified_gmt":"2025-10-30T12:39:39","slug":"contacto","status":"publish","type":"page","link":"https:\/\/formaciondixital.gal\/es\/contacto\/","title":{"rendered":"Contacto"},"content":{"rendered":"<p>[et_pb_section fb_built=\u00bb1&#8243; _builder_version=\u00bb4.27.0&#8243; _module_preset=\u00bbdefault\u00bb custom_padding=\u00bb||0px||false|false\u00bb da_disable_devices=\u00bboff|off|off\u00bb locked=\u00bboff\u00bb global_colors_info=\u00bb{}\u00bb da_is_popup=\u00bboff\u00bb da_exit_intent=\u00bboff\u00bb da_has_close=\u00bbon\u00bb da_alt_close=\u00bboff\u00bb da_dark_close=\u00bboff\u00bb da_not_modal=\u00bbon\u00bb da_is_singular=\u00bboff\u00bb da_with_loader=\u00bboff\u00bb da_has_shadow=\u00bbon\u00bb][et_pb_row _builder_version=\u00bb4.27.0&#8243; _module_preset=\u00bbdefault\u00bb global_colors_info=\u00bb{}\u00bb][et_pb_column type=\u00bb4_4&#8243; _builder_version=\u00bb4.27.0&#8243; _module_preset=\u00bbdefault\u00bb global_colors_info=\u00bb{}\u00bb][et_pb_text _builder_version=\u00bb4.27.0&#8243; _module_preset=\u00bbdefault\u00bb text_font_size=\u00bb45px\u00bb custom_margin=\u00bb0px||40px||false|false\u00bb global_colors_info=\u00bb{}\u00bb]CONTACTO[\/et_pb_text][et_pb_text _builder_version=\u00bb4.27.0&#8243; _module_preset=\u00bbdefault\u00bb text_text_color=\u00bb#003f5f\u00bb text_font_size=\u00bb27px\u00bb custom_margin=\u00bb0px||0px||false|false\u00bb custom_padding=\u00bb0px||0px||false|false\u00bb global_colors_info=\u00bb{}\u00bb]SOLICITA INFORMACI\u00d3N[\/et_pb_text][\/et_pb_column][\/et_pb_row][\/et_pb_section][et_pb_section fb_built=\u00bb1&#8243; custom_padding_last_edited=\u00bbon|phone\u00bb _builder_version=\u00bb4.27.2&#8243; _module_preset=\u00bbdefault\u00bb width=\u00bb100%\u00bb custom_margin=\u00bb0px||0px||false|false\u00bb custom_margin_tablet=\u00bb0px||0px||false|false\u00bb custom_margin_phone=\u00bb0px|0px|0px|0px|false|false\u00bb custom_margin_last_edited=\u00bbon|phone\u00bb custom_padding=\u00bb30px||0px||false|false\u00bb custom_padding_tablet=\u00bb30px||0px||false|false\u00bb custom_padding_phone=\u00bb30px|0px|0px|0px|false|false\u00bb module_alignment_tablet=\u00bb\u00bb module_alignment_phone=\u00bbcenter\u00bb module_alignment_last_edited=\u00bbon|phone\u00bb da_disable_devices=\u00bboff|off|off\u00bb locked=\u00bboff\u00bb global_colors_info=\u00bb{}\u00bb da_is_popup=\u00bboff\u00bb da_exit_intent=\u00bboff\u00bb da_has_close=\u00bbon\u00bb da_alt_close=\u00bboff\u00bb da_dark_close=\u00bboff\u00bb da_not_modal=\u00bbon\u00bb da_is_singular=\u00bboff\u00bb da_with_loader=\u00bboff\u00bb da_has_shadow=\u00bbon\u00bb][et_pb_row _builder_version=\u00bb4.27.2&#8243; _module_preset=\u00bbdefault\u00bb custom_margin=\u00bb0px||0px||false|false\u00bb custom_padding=\u00bb0px||0px||false|false\u00bb global_colors_info=\u00bb{}\u00bb][et_pb_column type=\u00bb4_4&#8243; _builder_version=\u00bb4.27.0&#8243; _module_preset=\u00bbdefault\u00bb global_colors_info=\u00bb{}\u00bb][et_pb_code _builder_version=\u00bb4.27.4&#8243; _module_preset=\u00bbdefault\u00bb custom_margin=\u00bb0px||||false|false\u00bb custom_padding=\u00bb0px||||false|false\u00bb custom_padding_tablet=\u00bb0px||||false|false\u00bb custom_padding_phone=\u00bb0px||||false|false\u00bb custom_padding_last_edited=\u00bbon|desktop\u00bb global_colors_info=\u00bb{}\u00bb]\n<div class=\"wpcf7 no-js\" id=\"wpcf7-f4143-o1\" lang=\"es-ES\" dir=\"ltr\" data-wpcf7-id=\"4143\">\n<div class=\"screen-reader-response\"><p role=\"status\" aria-live=\"polite\" aria-atomic=\"true\"><\/p> <ul><\/ul><\/div>\n<form action=\"\/es\/wp-json\/wp\/v2\/pages\/136#wpcf7-f4143-o1\" method=\"post\" class=\"wpcf7-form init\" aria-label=\"Formulario de contacto\" novalidate=\"novalidate\" data-status=\"init\">\n<fieldset class=\"hidden-fields-container\"><input type=\"hidden\" name=\"_wpcf7\" value=\"4143\" \/><input type=\"hidden\" name=\"_wpcf7_version\" value=\"6.1.5\" \/><input type=\"hidden\" name=\"_wpcf7_locale\" value=\"es_ES\" \/><input type=\"hidden\" name=\"_wpcf7_unit_tag\" value=\"wpcf7-f4143-o1\" \/><input type=\"hidden\" name=\"_wpcf7_container_post\" value=\"0\" \/><input type=\"hidden\" name=\"_wpcf7_posted_data_hash\" value=\"\" \/><input type=\"hidden\" name=\"_wpcf7cf_hidden_group_fields\" value=\"[]\" \/><input type=\"hidden\" name=\"_wpcf7cf_hidden_groups\" value=\"[]\" \/><input type=\"hidden\" name=\"_wpcf7cf_visible_groups\" value=\"[]\" \/><input type=\"hidden\" name=\"_wpcf7cf_repeaters\" value=\"[]\" \/><input type=\"hidden\" name=\"_wpcf7cf_steps\" value=\"{}\" \/><input type=\"hidden\" name=\"_wpcf7cf_options\" value=\"{&quot;form_id&quot;:4143,&quot;conditions&quot;:[],&quot;settings&quot;:{&quot;animation&quot;:&quot;yes&quot;,&quot;animation_intime&quot;:200,&quot;animation_outtime&quot;:200,&quot;conditions_ui&quot;:&quot;normal&quot;,&quot;notice_dismissed&quot;:false,&quot;notice_dismissed_update-cf7-6.0.5&quot;:true,&quot;notice_dismissed_rollback-cf7-6.0.5&quot;:true}}\" \/><input type=\"hidden\" name=\"_wpcf7_recaptcha_response\" value=\"\" \/>\n<\/fieldset>\n<div style=\"clear:both;\" class=\"caja-general-form1\">\n\t<div class=\"caja-dos-columnas-form1\">\n\t\t<div style=\"clear:both; margin-bottom:40px;\">\n\t\t\t<div class=\"item-flex item-nombre-input\">\n\t\t\t\t<p>Nombre *\n\t\t\t\t<\/p>\n\t\t\t<\/div>\n\t\t\t<div class=\"item-flex item-caja-input\">\n\t\t\t\t<p><span class=\"wpcf7-form-control-wrap\" data-name=\"Nombre\"><input size=\"40\" maxlength=\"50\" minlength=\"3\" class=\"wpcf7-form-control wpcf7-text wpcf7-validates-as-required\" tabindex=\"1\" aria-required=\"true\" aria-invalid=\"false\" value=\"\" type=\"text\" name=\"Nombre\" \/><\/span>\n\t\t\t\t<\/p>\n\t\t\t<\/div>\n\t\t<\/div>\n\t\t<div style=\"clear:both; margin-bottom:40px;\">\n\t\t\t<div class=\"item-flex item-nombre-input\">\n\t\t\t\t<p>E-mail *\n\t\t\t\t<\/p>\n\t\t\t<\/div>\n\t\t\t<div class=\"item-flex item-caja-input\">\n\t\t\t\t<p><span class=\"wpcf7-form-control-wrap\" data-name=\"email-700\"><input size=\"40\" maxlength=\"400\" class=\"wpcf7-form-control wpcf7-email wpcf7-validates-as-required wpcf7-text wpcf7-validates-as-email\" tabindex=\"3\" aria-required=\"true\" aria-invalid=\"false\" value=\"\" type=\"email\" name=\"email-700\" \/><\/span>\n\t\t\t\t<\/p>\n\t\t\t<\/div>\n\t\t<\/div>\n\t<\/div>\n\t<div class=\"caja-dos-columnas-form1\">\n\t\t<div style=\"clear:both; margin-bottom:40px;\">\n\t\t\t<div class=\"item-flex item-nombre-input\">\n\t\t\t\t<p>Apellidos *\n\t\t\t\t<\/p>\n\t\t\t<\/div>\n\t\t\t<div class=\"item-flex item-caja-input\">\n\t\t\t\t<p><span class=\"wpcf7-form-control-wrap\" data-name=\"Apellido\"><input size=\"40\" maxlength=\"50\" minlength=\"3\" class=\"wpcf7-form-control wpcf7-text wpcf7-validates-as-required\" tabindex=\"2\" aria-required=\"true\" aria-invalid=\"false\" value=\"\" type=\"text\" name=\"Apellido\" \/><\/span>\n\t\t\t\t<\/p>\n\t\t\t<\/div>\n\t\t<\/div>\n\t\t<div style=\"clear:both; margin-bottom:40px;\">\n\t\t\t<div class=\"item-flex item-nombre-input\">\n\t\t\t\t<p>T\u00e9l.\n\t\t\t\t<\/p>\n\t\t\t<\/div>\n\t\t\t<div class=\"item-flex item-caja-input\">\n\t\t\t\t<p><span class=\"wpcf7-form-control-wrap\" data-name=\"tel-860\"><input size=\"40\" maxlength=\"9\" minlength=\"9\" class=\"wpcf7-form-control wpcf7-tel wpcf7-text wpcf7-validates-as-tel\" tabindex=\"4\" aria-invalid=\"false\" value=\"\" type=\"tel\" name=\"tel-860\" \/><\/span>\n\t\t\t\t<\/p>\n\t\t\t<\/div>\n\t\t<\/div>\n\t<\/div>\n\t<di style=\"clear:both; margin-bottom:300px\">\n\t\t<div class=\"item-flex item-nombre-input\">\n\t\t<\/div>\n\t\t<div class=\"item-flex item-caja-input2\">\n\t\t\t<p><span class=\"wpcf7-form-control-wrap\" data-name=\"informacion-adicional\"><textarea cols=\"40\" rows=\"10\" maxlength=\"2000\" class=\"wpcf7-form-control wpcf7-textarea\" tabindex=\"5\" aria-invalid=\"false\" placeholder=\"Escriba aqu\u00ed su comentario...\" name=\"informacion-adicional\"><\/textarea><\/span>\n\t\t\t<\/p>\n\t\t<\/div>\n\t<\/di>\n<\/div>\n<div class=\"aceptado-privacidad\" style=\"\">\n\t<div class=\"item-flex item-caja-input3\">\n\t\t<p><span class=\"wpcf7-form-control-wrap\" data-name=\"acceptance-427\"><span class=\"wpcf7-form-control wpcf7-acceptance\"><span class=\"wpcf7-list-item\"><input type=\"checkbox\" name=\"acceptance-427\" value=\"1\" tabindex=\"6\" aria-invalid=\"false\" \/><\/span><\/span><\/span><a style=\"color:#003f5f!important; font-weight: 600; text-decoration: underline;\" target=\"_blank\" href=\"https:\/\/formaciondixital.gal\/informacion-basica-sobre-proteccion-de-datos-contacto\/\" target\"_blank\" > He le\u00eddo y aceptado la Pol\u00edtica de proteci\u00f3n de datos.<\/a>\n\t\t<\/p>\n\t<\/div>\n<\/div>\n<div style=\"display:none;\">\n\t<p><span class=\"wpcf7-form-control-wrap\" data-name=\"idioma\"><select class=\"wpcf7-form-control wpcf7-select wpcf7-validates-as-required\" aria-required=\"true\" aria-invalid=\"false\" name=\"idioma\"><option value=\"Castellano\">Castellano<\/option><\/select><\/span>\n\t<\/p>\n<\/div>\n<div style=\">\n\t<p>clear: both;<br \/>\nmargin-bottom: 40px;<br \/>\nfloat: right;<br \/>\nwidth: 100%;\">\n\t<\/p>\n\t<div class=\"item-flex item-caja-input3\">\n\t\t<p><input class=\"wpcf7-form-control wpcf7-submit has-spinner\" type=\"submit\" value=\"Enviar\" \/>\n\t\t<\/p>\n\t<\/div>\n<\/div>\n\n\n<div class=\"wpcf7-response-output\" aria-hidden=\"true\"><\/div>\n<\/form>\n<\/div>\n[\/et_pb_code][et_pb_code _builder_version=\u00bb4.27.4&#8243; _module_preset=\u00bbdefault\u00bb hover_enabled=\u00bb0&#8243; sticky_enabled=\u00bb0&#8243;]<script><!-- [et_pb_line_break_holder] -->  function onClick(e) {<!-- [et_pb_line_break_holder] -->    e.preventDefault();<!-- [et_pb_line_break_holder] -->    grecaptcha.enterprise.ready(async () => {<!-- [et_pb_line_break_holder] -->      const token = await grecaptcha.enterprise.execute('6LfZkvsrAAAAACFPmYF1wQpQxiiQqqhl5HIegt82', {action: 'LOGIN'});<!-- [et_pb_line_break_holder] -->    });<!-- [et_pb_line_break_holder] -->  }<!-- [et_pb_line_break_holder] --><\/script>[\/et_pb_code][\/et_pb_column][\/et_pb_row][\/et_pb_section]<\/p>\n","protected":false},"excerpt":{"rendered":"<p>CONTACTOSOLICITA INFORMACI\u00d3N\n<div class=\"wpcf7 no-js\" id=\"wpcf7-f4143-o2\" lang=\"es-ES\" dir=\"ltr\" data-wpcf7-id=\"4143\">\n<div class=\"screen-reader-response\"><p role=\"status\" aria-live=\"polite\" aria-atomic=\"true\"><\/p> <ul><\/ul><\/div>\n<form action=\"\/es\/wp-json\/wp\/v2\/pages\/136#wpcf7-f4143-o2\" method=\"post\" class=\"wpcf7-form init\" aria-label=\"Formulario de contacto\" novalidate=\"novalidate\" data-status=\"init\">\n<fieldset class=\"hidden-fields-container\"><input type=\"hidden\" name=\"_wpcf7\" value=\"4143\" \/><input type=\"hidden\" name=\"_wpcf7_version\" value=\"6.1.5\" \/><input type=\"hidden\" name=\"_wpcf7_locale\" value=\"es_ES\" \/><input type=\"hidden\" name=\"_wpcf7_unit_tag\" value=\"wpcf7-f4143-o2\" \/><input type=\"hidden\" name=\"_wpcf7_container_post\" value=\"0\" \/><input type=\"hidden\" name=\"_wpcf7_posted_data_hash\" value=\"\" \/><input type=\"hidden\" name=\"_wpcf7cf_hidden_group_fields\" value=\"[]\" \/><input type=\"hidden\" name=\"_wpcf7cf_hidden_groups\" value=\"[]\" \/><input type=\"hidden\" name=\"_wpcf7cf_visible_groups\" value=\"[]\" \/><input type=\"hidden\" name=\"_wpcf7cf_repeaters\" value=\"[]\" \/><input type=\"hidden\" name=\"_wpcf7cf_steps\" value=\"{}\" \/><input type=\"hidden\" name=\"_wpcf7cf_options\" value=\"{&quot;form_id&quot;:4143,&quot;conditions&quot;:[],&quot;settings&quot;:{&quot;animation&quot;:&quot;yes&quot;,&quot;animation_intime&quot;:200,&quot;animation_outtime&quot;:200,&quot;conditions_ui&quot;:&quot;normal&quot;,&quot;notice_dismissed&quot;:false,&quot;notice_dismissed_update-cf7-6.0.5&quot;:true,&quot;notice_dismissed_rollback-cf7-6.0.5&quot;:true}}\" \/><input type=\"hidden\" name=\"_wpcf7_recaptcha_response\" value=\"\" \/>\n<\/fieldset>\n<div style=\"clear:both;\" class=\"caja-general-form1\">\n\t<div class=\"caja-dos-columnas-form1\">\n\t\t<div style=\"clear:both; margin-bottom:40px;\">\n\t\t\t<div class=\"item-flex item-nombre-input\">\n\t\t\t\t<p>Nombre *\n\t\t\t\t<\/p>\n\t\t\t<\/div>\n\t\t\t<div class=\"item-flex item-caja-input\">\n\t\t\t\t<p><span class=\"wpcf7-form-control-wrap\" data-name=\"Nombre\"><input size=\"40\" maxlength=\"50\" minlength=\"3\" class=\"wpcf7-form-control wpcf7-text wpcf7-validates-as-required\" tabindex=\"1\" aria-required=\"true\" aria-invalid=\"false\" value=\"\" type=\"text\" name=\"Nombre\" \/><\/span>\n\t\t\t\t<\/p>\n\t\t\t<\/div>\n\t\t<\/div>\n\t\t<div style=\"clear:both; margin-bottom:40px;\">\n\t\t\t<div class=\"item-flex item-nombre-input\">\n\t\t\t\t<p>E-mail *\n\t\t\t\t<\/p>\n\t\t\t<\/div>\n\t\t\t<div class=\"item-flex item-caja-input\">\n\t\t\t\t<p><span class=\"wpcf7-form-control-wrap\" data-name=\"email-700\"><input size=\"40\" maxlength=\"400\" class=\"wpcf7-form-control wpcf7-email wpcf7-validates-as-required wpcf7-text wpcf7-validates-as-email\" tabindex=\"3\" aria-required=\"true\" aria-invalid=\"false\" value=\"\" type=\"email\" name=\"email-700\" \/><\/span>\n\t\t\t\t<\/p>\n\t\t\t<\/div>\n\t\t<\/div>\n\t<\/div>\n\t<div class=\"caja-dos-columnas-form1\">\n\t\t<div style=\"clear:both; margin-bottom:40px;\">\n\t\t\t<div class=\"item-flex item-nombre-input\">\n\t\t\t\t<p>Apellidos *\n\t\t\t\t<\/p>\n\t\t\t<\/div>\n\t\t\t<div class=\"item-flex item-caja-input\">\n\t\t\t\t<p><span class=\"wpcf7-form-control-wrap\" data-name=\"Apellido\"><input size=\"40\" maxlength=\"50\" minlength=\"3\" class=\"wpcf7-form-control wpcf7-text wpcf7-validates-as-required\" tabindex=\"2\" aria-required=\"true\" aria-invalid=\"false\" value=\"\" type=\"text\" name=\"Apellido\" \/><\/span>\n\t\t\t\t<\/p>\n\t\t\t<\/div>\n\t\t<\/div>\n\t\t<div style=\"clear:both; margin-bottom:40px;\">\n\t\t\t<div class=\"item-flex item-nombre-input\">\n\t\t\t\t<p>T\u00e9l.\n\t\t\t\t<\/p>\n\t\t\t<\/div>\n\t\t\t<div class=\"item-flex item-caja-input\">\n\t\t\t\t<p><span class=\"wpcf7-form-control-wrap\" data-name=\"tel-860\"><input size=\"40\" maxlength=\"9\" minlength=\"9\" class=\"wpcf7-form-control wpcf7-tel wpcf7-text wpcf7-validates-as-tel\" tabindex=\"4\" aria-invalid=\"false\" value=\"\" type=\"tel\" name=\"tel-860\" \/><\/span>\n\t\t\t\t<\/p>\n\t\t\t<\/div>\n\t\t<\/div>\n\t<\/div>\n\t<di style=\"clear:both; margin-bottom:300px\">\n\t\t<div class=\"item-flex item-nombre-input\">\n\t\t<\/div>\n\t\t<div class=\"item-flex item-caja-input2\">\n\t\t\t<p><span class=\"wpcf7-form-control-wrap\" data-name=\"informacion-adicional\"><textarea cols=\"40\" rows=\"10\" maxlength=\"2000\" class=\"wpcf7-form-control wpcf7-textarea\" tabindex=\"5\" aria-invalid=\"false\" placeholder=\"Escriba aqu\u00ed su comentario...\" name=\"informacion-adicional\"><\/textarea><\/span>\n\t\t\t<\/p>\n\t\t<\/div>\n\t<\/di>\n<\/div>\n<div class=\"aceptado-privacidad\" style=\"\">\n\t<div class=\"item-flex item-caja-input3\">\n\t\t<p><span class=\"wpcf7-form-control-wrap\" data-name=\"acceptance-427\"><span class=\"wpcf7-form-control wpcf7-acceptance\"><span class=\"wpcf7-list-item\"><input type=\"checkbox\" name=\"acceptance-427\" value=\"1\" tabindex=\"6\" aria-invalid=\"false\" \/><\/span><\/span><\/span><a style=\"color:#003f5f!important; font-weight: 600; text-decoration: underline;\" target=\"_blank\" href=\"https:\/\/formaciondixital.gal\/informacion-basica-sobre-proteccion-de-datos-contacto\/\" target\"_blank\" > He le\u00eddo y aceptado la Pol\u00edtica de proteci\u00f3n de datos.<\/a>\n\t\t<\/p>\n\t<\/div>\n<\/div>\n<div style=\"display:none;\">\n\t<p><span class=\"wpcf7-form-control-wrap\" data-name=\"idioma\"><select class=\"wpcf7-form-control wpcf7-select wpcf7-validates-as-required\" aria-required=\"true\" aria-invalid=\"false\" name=\"idioma\"><option value=\"Castellano\">Castellano<\/option><\/select><\/span>\n\t<\/p>\n<\/div>\n<div style=\">\n\t<p>clear: both;<br \/>\nmargin-bottom: 40px;<br \/>\nfloat: right;<br \/>\nwidth: 100%;\">\n\t<\/p>\n\t<div class=\"item-flex item-caja-input3\">\n\t\t<p><input class=\"wpcf7-form-control wpcf7-submit has-spinner\" type=\"submit\" value=\"Enviar\" \/>\n\t\t<\/p>\n\t<\/div>\n<\/div>\n\n\n<div class=\"wpcf7-response-output\" aria-hidden=\"true\"><\/div>\n<\/form>\n<\/div>\n<\/p>\n","protected":false},"author":2,"featured_media":46,"parent":0,"menu_order":0,"comment_status":"closed","ping_status":"closed","template":"","meta":{"_et_pb_use_builder":"on","_et_pb_old_content":"","_et_gb_content_width":"","_joinchat":[],"footnotes":""},"class_list":["post-136","page","type-page","status-publish","has-post-thumbnail","hentry"],"yoast_head":"<!-- This site is optimized with the Yoast SEO plugin v27.4 - https:\/\/yoast.com\/product\/yoast-seo-wordpress\/ -->\n<title>Contacto - Formaci\u00f3nDixital - Curso de competencias digitales gratuito<\/title>\n<meta name=\"description\" content=\"Contacta con Formaci\u00f3n Dixital para resolver tus dudas sobre el curso gratuito de competencias digitales. Escr\u00edbenos o ll\u00e1manos para ayudarte\" \/>\n<meta name=\"robots\" content=\"index, follow, max-snippet:-1, max-image-preview:large, max-video-preview:-1\" \/>\n<link rel=\"canonical\" href=\"https:\/\/formaciondixital.gal\/es\/contacto\/\" \/>\n<meta property=\"og:locale\" content=\"es_ES\" \/>\n<meta property=\"og:type\" content=\"article\" \/>\n<meta property=\"og:title\" content=\"Contacto - Formaci\u00f3nDixital - Curso de competencias digitales gratuito\" \/>\n<meta property=\"og:description\" content=\"Contacta con Formaci\u00f3n Dixital para resolver tus dudas sobre el curso gratuito de competencias digitales. Escr\u00edbenos o ll\u00e1manos para ayudarte\" \/>\n<meta property=\"og:url\" content=\"https:\/\/formaciondixital.gal\/es\/contacto\/\" \/>\n<meta property=\"og:site_name\" content=\"Formaci\u00f3nDixital\" \/>\n<meta property=\"article:modified_time\" content=\"2025-10-30T12:39:39+00:00\" \/>\n<meta property=\"og:image\" content=\"https:\/\/formaciondixital.gal\/wp-content\/uploads\/2024\/07\/cropped-Logo-FormacionDixital-Cuadrado.png\" \/>\n\t<meta property=\"og:image:width\" content=\"512\" \/>\n\t<meta property=\"og:image:height\" content=\"512\" \/>\n\t<meta property=\"og:image:type\" content=\"image\/png\" \/>\n<meta name=\"twitter:card\" content=\"summary_large_image\" \/>\n<meta name=\"twitter:label1\" content=\"Tiempo de lectura\" \/>\n\t<meta name=\"twitter:data1\" content=\"1 minuto\" \/>\n<script type=\"application\/ld+json\" class=\"yoast-schema-graph\">{\"@context\":\"https:\\\/\\\/schema.org\",\"@graph\":[{\"@type\":\"WebPage\",\"@id\":\"https:\\\/\\\/formaciondixital.gal\\\/es\\\/contacto\\\/\",\"url\":\"https:\\\/\\\/formaciondixital.gal\\\/es\\\/contacto\\\/\",\"name\":\"Contacto - Formaci\u00f3nDixital - Curso de competencias digitales gratuito\",\"isPartOf\":{\"@id\":\"https:\\\/\\\/formaciondixital.gal\\\/es\\\/#website\"},\"primaryImageOfPage\":{\"@id\":\"https:\\\/\\\/formaciondixital.gal\\\/es\\\/contacto\\\/#primaryimage\"},\"image\":{\"@id\":\"https:\\\/\\\/formaciondixital.gal\\\/es\\\/contacto\\\/#primaryimage\"},\"thumbnailUrl\":\"https:\\\/\\\/formaciondixital.gal\\\/wp-content\\\/uploads\\\/2024\\\/07\\\/cropped-Logo-FormacionDixital-Cuadrado.png\",\"datePublished\":\"2024-07-30T15:15:04+00:00\",\"dateModified\":\"2025-10-30T12:39:39+00:00\",\"description\":\"Contacta con Formaci\u00f3n Dixital para resolver tus dudas sobre el curso gratuito de competencias digitales. Escr\u00edbenos o ll\u00e1manos para ayudarte\",\"breadcrumb\":{\"@id\":\"https:\\\/\\\/formaciondixital.gal\\\/es\\\/contacto\\\/#breadcrumb\"},\"inLanguage\":\"es\",\"potentialAction\":[{\"@type\":\"ReadAction\",\"target\":[\"https:\\\/\\\/formaciondixital.gal\\\/es\\\/contacto\\\/\"]}]},{\"@type\":\"ImageObject\",\"inLanguage\":\"es\",\"@id\":\"https:\\\/\\\/formaciondixital.gal\\\/es\\\/contacto\\\/#primaryimage\",\"url\":\"https:\\\/\\\/formaciondixital.gal\\\/wp-content\\\/uploads\\\/2024\\\/07\\\/cropped-Logo-FormacionDixital-Cuadrado.png\",\"contentUrl\":\"https:\\\/\\\/formaciondixital.gal\\\/wp-content\\\/uploads\\\/2024\\\/07\\\/cropped-Logo-FormacionDixital-Cuadrado.png\",\"width\":512,\"height\":512,\"caption\":\"FormacionDixital\"},{\"@type\":\"BreadcrumbList\",\"@id\":\"https:\\\/\\\/formaciondixital.gal\\\/es\\\/contacto\\\/#breadcrumb\",\"itemListElement\":[{\"@type\":\"ListItem\",\"position\":1,\"name\":\"Portada\",\"item\":\"https:\\\/\\\/formaciondixital.gal\\\/es\\\/\"},{\"@type\":\"ListItem\",\"position\":2,\"name\":\"Contacto\"}]},{\"@type\":\"WebSite\",\"@id\":\"https:\\\/\\\/formaciondixital.gal\\\/es\\\/#website\",\"url\":\"https:\\\/\\\/formaciondixital.gal\\\/es\\\/\",\"name\":\"Formaci\u00f3nDixital\",\"description\":\"Competencias digitales intermedias\",\"potentialAction\":[{\"@type\":\"SearchAction\",\"target\":{\"@type\":\"EntryPoint\",\"urlTemplate\":\"https:\\\/\\\/formaciondixital.gal\\\/es\\\/?s={search_term_string}\"},\"query-input\":{\"@type\":\"PropertyValueSpecification\",\"valueRequired\":true,\"valueName\":\"search_term_string\"}}],\"inLanguage\":\"es\"}]}<\/script>\n<!-- \/ Yoast SEO plugin. -->","yoast_head_json":{"title":"Contacto - Formaci\u00f3nDixital - Curso de competencias digitales gratuito","description":"Contacta con Formaci\u00f3n Dixital para resolver tus dudas sobre el curso gratuito de competencias digitales. Escr\u00edbenos o ll\u00e1manos para ayudarte","robots":{"index":"index","follow":"follow","max-snippet":"max-snippet:-1","max-image-preview":"max-image-preview:large","max-video-preview":"max-video-preview:-1"},"canonical":"https:\/\/formaciondixital.gal\/es\/contacto\/","og_locale":"es_ES","og_type":"article","og_title":"Contacto - Formaci\u00f3nDixital - Curso de competencias digitales gratuito","og_description":"Contacta con Formaci\u00f3n Dixital para resolver tus dudas sobre el curso gratuito de competencias digitales. Escr\u00edbenos o ll\u00e1manos para ayudarte","og_url":"https:\/\/formaciondixital.gal\/es\/contacto\/","og_site_name":"Formaci\u00f3nDixital","article_modified_time":"2025-10-30T12:39:39+00:00","og_image":[{"width":512,"height":512,"url":"https:\/\/formaciondixital.gal\/wp-content\/uploads\/2024\/07\/cropped-Logo-FormacionDixital-Cuadrado.png","type":"image\/png"}],"twitter_card":"summary_large_image","twitter_misc":{"Tiempo de lectura":"1 minuto"},"schema":{"@context":"https:\/\/schema.org","@graph":[{"@type":"WebPage","@id":"https:\/\/formaciondixital.gal\/es\/contacto\/","url":"https:\/\/formaciondixital.gal\/es\/contacto\/","name":"Contacto - Formaci\u00f3nDixital - Curso de competencias digitales gratuito","isPartOf":{"@id":"https:\/\/formaciondixital.gal\/es\/#website"},"primaryImageOfPage":{"@id":"https:\/\/formaciondixital.gal\/es\/contacto\/#primaryimage"},"image":{"@id":"https:\/\/formaciondixital.gal\/es\/contacto\/#primaryimage"},"thumbnailUrl":"https:\/\/formaciondixital.gal\/wp-content\/uploads\/2024\/07\/cropped-Logo-FormacionDixital-Cuadrado.png","datePublished":"2024-07-30T15:15:04+00:00","dateModified":"2025-10-30T12:39:39+00:00","description":"Contacta con Formaci\u00f3n Dixital para resolver tus dudas sobre el curso gratuito de competencias digitales. Escr\u00edbenos o ll\u00e1manos para ayudarte","breadcrumb":{"@id":"https:\/\/formaciondixital.gal\/es\/contacto\/#breadcrumb"},"inLanguage":"es","potentialAction":[{"@type":"ReadAction","target":["https:\/\/formaciondixital.gal\/es\/contacto\/"]}]},{"@type":"ImageObject","inLanguage":"es","@id":"https:\/\/formaciondixital.gal\/es\/contacto\/#primaryimage","url":"https:\/\/formaciondixital.gal\/wp-content\/uploads\/2024\/07\/cropped-Logo-FormacionDixital-Cuadrado.png","contentUrl":"https:\/\/formaciondixital.gal\/wp-content\/uploads\/2024\/07\/cropped-Logo-FormacionDixital-Cuadrado.png","width":512,"height":512,"caption":"FormacionDixital"},{"@type":"BreadcrumbList","@id":"https:\/\/formaciondixital.gal\/es\/contacto\/#breadcrumb","itemListElement":[{"@type":"ListItem","position":1,"name":"Portada","item":"https:\/\/formaciondixital.gal\/es\/"},{"@type":"ListItem","position":2,"name":"Contacto"}]},{"@type":"WebSite","@id":"https:\/\/formaciondixital.gal\/es\/#website","url":"https:\/\/formaciondixital.gal\/es\/","name":"Formaci\u00f3nDixital","description":"Competencias digitales intermedias","potentialAction":[{"@type":"SearchAction","target":{"@type":"EntryPoint","urlTemplate":"https:\/\/formaciondixital.gal\/es\/?s={search_term_string}"},"query-input":{"@type":"PropertyValueSpecification","valueRequired":true,"valueName":"search_term_string"}}],"inLanguage":"es"}]}},"_links":{"self":[{"href":"https:\/\/formaciondixital.gal\/es\/wp-json\/wp\/v2\/pages\/136","targetHints":{"allow":["GET"]}}],"collection":[{"href":"https:\/\/formaciondixital.gal\/es\/wp-json\/wp\/v2\/pages"}],"about":[{"href":"https:\/\/formaciondixital.gal\/es\/wp-json\/wp\/v2\/types\/page"}],"author":[{"embeddable":true,"href":"https:\/\/formaciondixital.gal\/es\/wp-json\/wp\/v2\/users\/2"}],"replies":[{"embeddable":true,"href":"https:\/\/formaciondixital.gal\/es\/wp-json\/wp\/v2\/comments?post=136"}],"version-history":[{"count":33,"href":"https:\/\/formaciondixital.gal\/es\/wp-json\/wp\/v2\/pages\/136\/revisions"}],"predecessor-version":[{"id":4853,"href":"https:\/\/formaciondixital.gal\/es\/wp-json\/wp\/v2\/pages\/136\/revisions\/4853"}],"wp:featuredmedia":[{"embeddable":true,"href":"https:\/\/formaciondixital.gal\/es\/wp-json\/wp\/v2\/media\/46"}],"wp:attachment":[{"href":"https:\/\/formaciondixital.gal\/es\/wp-json\/wp\/v2\/media?parent=136"}],"curies":[{"name":"wp","href":"https:\/\/api.w.org\/{rel}","templated":true}]}}